{"id":1046,"date":"2020-01-06T15:50:32","date_gmt":"2020-01-06T14:50:32","guid":{"rendered":"https:\/\/tardus-tempus.com\/privacy\/"},"modified":"2026-02-12T12:16:18","modified_gmt":"2026-02-12T11:16:18","slug":"privacy","status":"publish","type":"page","link":"https:\/\/tardus-tempus.com\/fr\/privacy\/","title":{"rendered":"Politique de confidentialit\u00e9"},"content":{"rendered":"\t\t<div data-elementor-type=\"wp-page\" data-elementor-id=\"1046\" class=\"elementor elementor-1046 elementor-62\" data-elementor-post-type=\"page\">\n\t\t\t\t<div class=\"elementor-element elementor-element-5eafa4c e-flex e-con-boxed e-con e-parent\" data-id=\"5eafa4c\" data-element_type=\"container\" data-e-type=\"container\">\n\t\t\t\t\t<div class=\"e-con-inner\">\n\t\t\t\t<div class=\"elementor-element elementor-element-2b3dfce elementor-widget elementor-widget-heading\" data-id=\"2b3dfce\" data-element_type=\"widget\" data-e-type=\"widget\" data-widget_type=\"heading.default\">\n\t\t\t\t<div class=\"elementor-widget-container\">\n\t\t\t\t\t<h1 class=\"elementor-heading-title elementor-size-default\">Politique de confidentialit\u00e9<\/h1>\t\t\t\t<\/div>\n\t\t\t\t<\/div>\n\t\t\t\t<div class=\"elementor-element elementor-element-6bfa4c8 elementor-widget elementor-widget-text-editor\" data-id=\"6bfa4c8\" data-element_type=\"widget\" data-e-type=\"widget\" data-widget_type=\"text-editor.default\">\n\t\t\t\t<div class=\"elementor-widget-container\">\n\t\t\t\t\t\t\t\t\t<div class=\"wp-block-siteorigin-panels-layout-block\">\n<div id=\"pl-62\" class=\"panel-layout\">\n<div id=\"pg-62-0\" class=\"panel-grid panel-has-style\">\n<div class=\"rij1_privacy rij1 panel-row-style panel-row-style-for-62-0\">\n<div id=\"pgc-62-0-0\" class=\"panel-grid-cell\">\n<div id=\"panel-62-0-0-0\" class=\"so-panel widget widget_sow-editor panel-first-child panel-last-child\" data-index=\"0\">\n<div class=\"so-widget-sow-editor so-widget-sow-editor-base\">\n<div class=\"siteorigin-widget-tinymce textwidget\">\n<p class=\"p1\">Tardus Tempus \u2013 Location de Vacances Espagne<\/p>\n<p class=\"p2\"><b>1. Identit\u00e9 du responsable du traitement<\/b><\/p>\n<p class=\"p1\">D\u2019Hollander Bruno et Puttemans Katleen, domicili\u00e9s \u00e0 Kruisstraat 6, 2880 Bornem, Belgique, agissant sous le nom Tardus Tempus, sont responsables du traitement des donn\u00e9es personnelles d\u00e9crit dans la pr\u00e9sente politique de confidentialit\u00e9.<br><br>Contact : info@tardus-tempus.com<\/p>\n<p class=\"p2\"><b>2. Quelles donn\u00e9es personnelles traitons-nous ?<\/b><\/p>\n<p class=\"p1\">Nous traitons les donn\u00e9es personnelles que vous nous fournissez dans le cadre d\u2019une r\u00e9servation, d\u2019une demande ou d\u2019une communication, ainsi que pour respecter les obligations l\u00e9gales relatives \u00e0 l\u2019enregistrement des voyageurs.<br><br>Il peut notamment s\u2019agir de :<br>&#8211; Nom et pr\u00e9nom<br>&#8211; Adresse<br>&#8211; Num\u00e9ro de t\u00e9l\u00e9phone<br>&#8211; Adresse e-mail<br>&#8211; Date de naissance<br>&#8211; Donn\u00e9es d\u2019identit\u00e9 (passeport ou carte d\u2019identit\u00e9)<br>&#8211; Donn\u00e9es de paiement (via un prestataire de paiement s\u00e9curis\u00e9)<\/p>\n<p class=\"p2\"><b>3. Finalit\u00e9s et base juridique du traitement<\/b><\/p>\n<p class=\"p1\">Vos donn\u00e9es personnelles sont trait\u00e9es exclusivement pour :<br>&#8211; L\u2019ex\u00e9cution du contrat de location<br>&#8211; La gestion des r\u00e9servations et paiements<br>&#8211; Le respect des obligations l\u00e9gales (notamment l\u2019enregistrement obligatoire des voyageurs en Espagne)<br>&#8211; La communication relative \u00e0 votre s\u00e9jour<br><br>Le traitement repose sur :<br>&#8211; L\u2019ex\u00e9cution d\u2019un contrat<br>&#8211; Le respect d\u2019une obligation l\u00e9gale<br>&#8211; Votre consentement explicite, lorsque requis par la loi<\/p>\n<p class=\"p2\"><b>4. Transmission \u00e0 des tiers<\/b><\/p>\n<p class=\"p1\">Vos donn\u00e9es personnelles ne sont partag\u00e9es que lorsque cela est n\u00e9cessaire pour :<br>&#8211; Le traitement des paiements (par exemple via Mollie)<br>&#8211; Les obligations l\u00e9gales (par exemple autorit\u00e9s espagnoles)<br>&#8211; Les services d\u2019h\u00e9bergement et informatiques<br><br>Ces parties traitent les donn\u00e9es uniquement pour notre compte et conform\u00e9ment \u00e0 la l\u00e9gislation applicable en mati\u00e8re de protection des donn\u00e9es. Vos donn\u00e9es ne sont jamais vendues ni utilis\u00e9es \u00e0 des fins de marketing direct commercial. <\/p>\n<p class=\"p2\"><b>5. Dur\u00e9e de conservation<\/b><\/p>\n<p class=\"p1\">Les donn\u00e9es personnelles ne sont pas conserv\u00e9es plus longtemps que n\u00e9cessaire pour les finalit\u00e9s pour lesquelles elles ont \u00e9t\u00e9 collect\u00e9es. Les donn\u00e9es fiscales sont conserv\u00e9es conform\u00e9ment au d\u00e9lai l\u00e9gal de sept (7) ans.<br>Les donn\u00e9es relatives \u00e0 l\u2019enregistrement des voyageurs sont conserv\u00e9es conform\u00e9ment \u00e0 la r\u00e9glementation espagnole applicable.  <\/p>\n<p class=\"p2\"><b>6. S\u00e9curit\u00e9<\/b><\/p>\n<p class=\"p1\">Nous prenons des mesures techniques et organisationnelles appropri\u00e9es afin de prot\u00e9ger vos donn\u00e9es personnelles contre la perte, l\u2019utilisation abusive ou l\u2019acc\u00e8s non autoris\u00e9.<\/p>\n<p class=\"p2\"><b>7. Vos droits<\/b><\/p>\n<p class=\"p1\">Conform\u00e9ment au R\u00e8glement G\u00e9n\u00e9ral sur la Protection des Donn\u00e9es (RGPD), vous avez le droit de :<br>&#8211; Acc\u00e9der \u00e0 vos donn\u00e9es personnelles<br>&#8211; Rectifier des donn\u00e9es inexactes<br>&#8211; Demander la suppression de vos donn\u00e9es (dans les limites l\u00e9gales)<br>&#8211; Limiter le traitement<br>&#8211; Vous opposer au traitement<br>&#8211; Obtenir la portabilit\u00e9 des donn\u00e9es<br><br>Vous pouvez exercer vos droits via info@tardus-tempus.com.<br>Nous r\u00e9pondrons dans un d\u00e9lai d\u2019un mois. <\/p>\n<p class=\"p2\"><b>8. R\u00e9clamations<\/b><\/p>\n<p class=\"p1\">Si vous estimez que vos donn\u00e9es personnelles sont trait\u00e9es ill\u00e9galement, vous pouvez introduire une r\u00e9clamation aupr\u00e8s de l\u2019autorit\u00e9 comp\u00e9tente :<br><br>Belgique :<br>Autorit\u00e9 de protection des donn\u00e9es (GBA)<br>www.gegevensbeschermingsautoriteit.be<br><br>Espagne :<br>Agencia Espa\u00f1ola de Protecci\u00f3n de Datos (AEPD)<br>www.aepd.es<\/p>\n<p class=\"p2\"><b>9. Modifications<\/b><\/p>\n<p class=\"p1\">Tardus Tempus se r\u00e9serve le droit de modifier la pr\u00e9sente politique de confidentialit\u00e9. La version la plus r\u00e9cente est toujours disponible sur le site internet. <\/p>\n<\/div>\n<\/div>\n<\/div>\n<\/div>\n<\/div>\n<\/div>\n<\/div>\n<\/div>\n<p><\/p>\t\t\t\t\t\t\t\t<\/div>\n\t\t\t\t<\/div>\n\t\t\t\t\t<\/div>\n\t\t\t\t<\/div>\n\t\t\t\t<\/div>\n\t\t","protected":false},"excerpt":{"rendered":"<p>Politique de confidentialit\u00e9 Tardus Tempus \u2013 Location de Vacances Espagne 1. Identit\u00e9 du responsable du traitement D\u2019Hollander Bruno et Puttemans Katleen, domicili\u00e9s \u00e0 Kruisstraat 6, 2880 Bornem, Belgique, agissant sous le nom Tardus Tempus, sont responsables du traitement des donn\u00e9es personnelles d\u00e9crit dans la pr\u00e9sente politique de confidentialit\u00e9. Contact : info@tardus-tempus.com 2. Quelles donn\u00e9es personnelles [&hellip;]<\/p>\n","protected":false},"author":4,"featured_media":0,"parent":0,"menu_order":0,"comment_status":"closed","ping_status":"closed","template":"","meta":{"footnotes":""},"class_list":["post-1046","page","type-page","status-publish","hentry"],"yoast_head":"<!-- This site is optimized with the Yoast SEO plugin v27.0 - https:\/\/yoast.com\/product\/yoast-seo-wordpress\/ -->\n<title>Politique de confidentialit\u00e9 - Tardus Tempus<\/title>\n<meta name=\"robots\" content=\"index, follow, max-snippet:-1, max-image-preview:large, max-video-preview:-1\" \/>\n<link rel=\"canonical\" href=\"https:\/\/tardus-tempus.com\/fr\/privacy\/\" \/>\n<meta property=\"og:locale\" content=\"fr_FR\" \/>\n<meta property=\"og:type\" content=\"article\" \/>\n<meta property=\"og:title\" content=\"Politique de confidentialit\u00e9 - Tardus Tempus\" \/>\n<meta property=\"og:description\" content=\"Politique de confidentialit\u00e9 Tardus Tempus \u2013 Location de Vacances Espagne 1. Identit\u00e9 du responsable du traitement D\u2019Hollander Bruno et Puttemans Katleen, domicili\u00e9s \u00e0 Kruisstraat 6, 2880 Bornem, Belgique, agissant sous le nom Tardus Tempus, sont responsables du traitement des donn\u00e9es personnelles d\u00e9crit dans la pr\u00e9sente politique de confidentialit\u00e9. Contact : info@tardus-tempus.com 2. Quelles donn\u00e9es personnelles [&hellip;]\" \/>\n<meta property=\"og:url\" content=\"https:\/\/tardus-tempus.com\/fr\/privacy\/\" \/>\n<meta property=\"og:site_name\" content=\"Tardus Tempus\" \/>\n<meta property=\"article:modified_time\" content=\"2026-02-12T11:16:18+00:00\" \/>\n<meta name=\"twitter:card\" content=\"summary_large_image\" \/>\n<meta name=\"twitter:label1\" content=\"Dur\u00e9e de lecture estim\u00e9e\" \/>\n\t<meta name=\"twitter:data1\" content=\"3 minutes\" \/>\n<script type=\"application\/ld+json\" class=\"yoast-schema-graph\">{\"@context\":\"https:\/\/schema.org\",\"@graph\":[{\"@type\":\"WebPage\",\"@id\":\"https:\/\/tardus-tempus.com\/fr\/privacy\/\",\"url\":\"https:\/\/tardus-tempus.com\/fr\/privacy\/\",\"name\":\"Politique de confidentialit\u00e9 - Tardus Tempus\",\"isPartOf\":{\"@id\":\"https:\/\/tardus-tempus.com\/fr\/#website\"},\"datePublished\":\"2020-01-06T14:50:32+00:00\",\"dateModified\":\"2026-02-12T11:16:18+00:00\",\"breadcrumb\":{\"@id\":\"https:\/\/tardus-tempus.com\/fr\/privacy\/#breadcrumb\"},\"inLanguage\":\"fr-FR\",\"potentialAction\":[{\"@type\":\"ReadAction\",\"target\":[\"https:\/\/tardus-tempus.com\/fr\/privacy\/\"]}]},{\"@type\":\"BreadcrumbList\",\"@id\":\"https:\/\/tardus-tempus.com\/fr\/privacy\/#breadcrumb\",\"itemListElement\":[{\"@type\":\"ListItem\",\"position\":1,\"name\":\"Home\",\"item\":\"https:\/\/tardus-tempus.com\/fr\/accueil\/\"},{\"@type\":\"ListItem\",\"position\":2,\"name\":\"Politique de confidentialit\u00e9\"}]},{\"@type\":\"WebSite\",\"@id\":\"https:\/\/tardus-tempus.com\/fr\/#website\",\"url\":\"https:\/\/tardus-tempus.com\/fr\/\",\"name\":\"Tardus Tempus\",\"description\":\"\",\"potentialAction\":[{\"@type\":\"SearchAction\",\"target\":{\"@type\":\"EntryPoint\",\"urlTemplate\":\"https:\/\/tardus-tempus.com\/fr\/?s={search_term_string}\"},\"query-input\":{\"@type\":\"PropertyValueSpecification\",\"valueRequired\":true,\"valueName\":\"search_term_string\"}}],\"inLanguage\":\"fr-FR\"}]}<\/script>\n<!-- \/ Yoast SEO plugin. -->","yoast_head_json":{"title":"Politique de confidentialit\u00e9 - Tardus Tempus","robots":{"index":"index","follow":"follow","max-snippet":"max-snippet:-1","max-image-preview":"max-image-preview:large","max-video-preview":"max-video-preview:-1"},"canonical":"https:\/\/tardus-tempus.com\/fr\/privacy\/","og_locale":"fr_FR","og_type":"article","og_title":"Politique de confidentialit\u00e9 - Tardus Tempus","og_description":"Politique de confidentialit\u00e9 Tardus Tempus \u2013 Location de Vacances Espagne 1. Identit\u00e9 du responsable du traitement D\u2019Hollander Bruno et Puttemans Katleen, domicili\u00e9s \u00e0 Kruisstraat 6, 2880 Bornem, Belgique, agissant sous le nom Tardus Tempus, sont responsables du traitement des donn\u00e9es personnelles d\u00e9crit dans la pr\u00e9sente politique de confidentialit\u00e9. Contact : info@tardus-tempus.com 2. Quelles donn\u00e9es personnelles [&hellip;]","og_url":"https:\/\/tardus-tempus.com\/fr\/privacy\/","og_site_name":"Tardus Tempus","article_modified_time":"2026-02-12T11:16:18+00:00","twitter_card":"summary_large_image","twitter_misc":{"Dur\u00e9e de lecture estim\u00e9e":"3 minutes"},"schema":{"@context":"https:\/\/schema.org","@graph":[{"@type":"WebPage","@id":"https:\/\/tardus-tempus.com\/fr\/privacy\/","url":"https:\/\/tardus-tempus.com\/fr\/privacy\/","name":"Politique de confidentialit\u00e9 - Tardus Tempus","isPartOf":{"@id":"https:\/\/tardus-tempus.com\/fr\/#website"},"datePublished":"2020-01-06T14:50:32+00:00","dateModified":"2026-02-12T11:16:18+00:00","breadcrumb":{"@id":"https:\/\/tardus-tempus.com\/fr\/privacy\/#breadcrumb"},"inLanguage":"fr-FR","potentialAction":[{"@type":"ReadAction","target":["https:\/\/tardus-tempus.com\/fr\/privacy\/"]}]},{"@type":"BreadcrumbList","@id":"https:\/\/tardus-tempus.com\/fr\/privacy\/#breadcrumb","itemListElement":[{"@type":"ListItem","position":1,"name":"Home","item":"https:\/\/tardus-tempus.com\/fr\/accueil\/"},{"@type":"ListItem","position":2,"name":"Politique de confidentialit\u00e9"}]},{"@type":"WebSite","@id":"https:\/\/tardus-tempus.com\/fr\/#website","url":"https:\/\/tardus-tempus.com\/fr\/","name":"Tardus Tempus","description":"","potentialAction":[{"@type":"SearchAction","target":{"@type":"EntryPoint","urlTemplate":"https:\/\/tardus-tempus.com\/fr\/?s={search_term_string}"},"query-input":{"@type":"PropertyValueSpecification","valueRequired":true,"valueName":"search_term_string"}}],"inLanguage":"fr-FR"}]}},"_links":{"self":[{"href":"https:\/\/tardus-tempus.com\/fr\/wp-json\/wp\/v2\/pages\/1046","targetHints":{"allow":["GET"]}}],"collection":[{"href":"https:\/\/tardus-tempus.com\/fr\/wp-json\/wp\/v2\/pages"}],"about":[{"href":"https:\/\/tardus-tempus.com\/fr\/wp-json\/wp\/v2\/types\/page"}],"author":[{"embeddable":true,"href":"https:\/\/tardus-tempus.com\/fr\/wp-json\/wp\/v2\/users\/4"}],"replies":[{"embeddable":true,"href":"https:\/\/tardus-tempus.com\/fr\/wp-json\/wp\/v2\/comments?post=1046"}],"version-history":[{"count":2,"href":"https:\/\/tardus-tempus.com\/fr\/wp-json\/wp\/v2\/pages\/1046\/revisions"}],"predecessor-version":[{"id":1053,"href":"https:\/\/tardus-tempus.com\/fr\/wp-json\/wp\/v2\/pages\/1046\/revisions\/1053"}],"wp:attachment":[{"href":"https:\/\/tardus-tempus.com\/fr\/wp-json\/wp\/v2\/media?parent=1046"}],"curies":[{"name":"wp","href":"https:\/\/api.w.org\/{rel}","templated":true}]}}