{"id":954,"date":"2026-02-11T09:09:31","date_gmt":"2026-02-11T08:09:31","guid":{"rendered":"https:\/\/tardus-tempus.com\/algemene-voorwaarden\/"},"modified":"2026-03-01T20:49:56","modified_gmt":"2026-03-01T19:49:56","slug":"condiciones-generales","status":"publish","type":"page","link":"https:\/\/tardus-tempus.com\/es\/condiciones-generales\/","title":{"rendered":"Condiciones generales"},"content":{"rendered":"\t\t<div data-elementor-type=\"wp-page\" data-elementor-id=\"954\" class=\"elementor elementor-954 elementor-941\" data-elementor-post-type=\"page\">\n\t\t\t\t<div class=\"elementor-element elementor-element-fa8c998 e-flex e-con-boxed e-con e-parent\" data-id=\"fa8c998\" data-element_type=\"container\" data-e-type=\"container\">\n\t\t\t\t\t<div class=\"e-con-inner\">\n\t\t\t\t<div class=\"elementor-element elementor-element-b5fbb6c elementor-widget elementor-widget-heading\" data-id=\"b5fbb6c\" data-element_type=\"widget\" data-e-type=\"widget\" data-widget_type=\"heading.default\">\n\t\t\t\t<div class=\"elementor-widget-container\">\n\t\t\t\t\t<h1 class=\"elementor-heading-title elementor-size-default\">Condiciones generales<\/h1>\t\t\t\t<\/div>\n\t\t\t\t<\/div>\n\t\t\t\t<div class=\"elementor-element elementor-element-d010ead elementor-widget elementor-widget-text-editor\" data-id=\"d010ead\" data-element_type=\"widget\" data-e-type=\"widget\" data-widget_type=\"text-editor.default\">\n\t\t\t\t<div class=\"elementor-widget-container\">\n\t\t\t\t\t\t\t\t\t<h1 style=\"margin: 0cm; line-height: 21.4667px; break-after: avoid; font-size: 14pt; font-family: Calibri, sans-serif; color: rgb(54, 95, 145); font-weight: bold;\"><span lang=\"EN-US\">TARDUS TEMPUS \u2013 Apartamento Vacacional<o:p><\/o:p><\/span><\/h1><p class=\"MsoNormal\" style=\"margin: 0cm 0cm 10pt; font-size: 11pt; font-family: Cambria, serif; line-height: 16.8667px;\"><span lang=\"EN-US\">&nbsp;<\/span><\/p><h3 style=\"margin: 10pt 0cm 0cm; line-height: 16.8667px; break-after: avoid; font-size: 11pt; font-family: Calibri, sans-serif; color: rgb(79, 129, 189); font-weight: bold;\"><span lang=\"EN-US\" style=\"font-size: 13pt; line-height: 19.9333px;\">1. General<o:p><\/o:p><\/span><\/h3><p style=\"margin-right: 0cm; margin-left: 0cm; font-size: 12pt; font-family: &quot;Times New Roman&quot;, serif;\"><span lang=\"EN-US\" style=\"font-size: 11pt; font-family: Cambria, serif;\">Las presentes condiciones generales se aplican a todas las reservas y estancias en el apartamento vacacional Tardus Tempus. Al realizar una reserva, el arrendatario declara aceptar estas condiciones.<o:p><\/o:p><\/span><\/p><p style=\"margin-right: 0cm; margin-left: 0cm; font-size: 12pt; font-family: &quot;Times New Roman&quot;, serif;\"><span lang=\"EN-US\" style=\"font-size: 11pt; font-family: Cambria, serif;\">Al confirmar una reserva y\/o efectuar el pago, el arrendatario declara haber le\u00eddo y aceptado \u00edntegramente las presentes condiciones generales, que forman parte integrante del contrato de alquiler.<o:p><\/o:p><\/span><\/p><h3 style=\"margin: 10pt 0cm 0cm; line-height: 16.8667px; break-after: avoid; font-size: 11pt; font-family: Calibri, sans-serif; color: rgb(79, 129, 189); font-weight: bold;\"><span lang=\"EN-US\" style=\"font-size: 13pt; line-height: 19.9333px;\">2. Reserva y pago<o:p><\/o:p><\/span><\/h3><p style=\"margin-right: 0cm; margin-left: 0cm; font-size: 12pt; font-family: &quot;Times New Roman&quot;, serif;\"><span lang=\"EN-US\" style=\"font-size: 11pt; font-family: Cambria, serif;\">Tras la reserva, el arrendatario recibir\u00e1 una confirmaci\u00f3n por correo electr\u00f3nico.<br>La reserva ser\u00e1 definitiva una vez recibido el anticipo acordado.<br>El anticipo asciende al 25% del importe total del alquiler.<br>El importe restante deber\u00e1 abonarse como m\u00e1ximo cuatro (4) semanas antes de la llegada.<br>Las reservas realizadas dentro de las cuatro (4) semanas previas a la llegada deber\u00e1n abonarse en su totalidad de forma inmediata.<o:p><\/o:p><\/span><\/p><h3 style=\"margin: 10pt 0cm 0cm; line-height: 16.8667px; break-after: avoid; font-size: 11pt; font-family: Calibri, sans-serif; color: rgb(79, 129, 189); font-weight: bold;\"><span lang=\"EN-US\" style=\"font-size: 13pt; line-height: 19.9333px;\">3. Precio del alquiler y servicios incluidos<o:p><\/o:p><\/span><\/h3><p style=\"margin-right: 0cm; margin-left: 0cm; font-size: 12pt; font-family: &quot;Times New Roman&quot;, serif;\"><span lang=\"EN-US\" style=\"font-size: 11pt; font-family: Cambria, serif;\">El precio del alquiler incluye el uso completo del apartamento, ropa de cama y toallas, suministros, WiFi, uso de la piscina comunitaria y una plaza de aparcamiento subterr\u00e1nea.<br>No est\u00e1n incluidos los da\u00f1os, p\u00e9rdidas ni los costes adicionales de limpieza.<br>Punto de carga disponible con coste adicional.<br>La limpieza final es un coste adicional obligatorio.<o:p><\/o:p><\/span><\/p><h3 style=\"margin: 10pt 0cm 0cm; line-height: 16.8667px; break-after: avoid; font-size: 11pt; font-family: Calibri, sans-serif; color: rgb(79, 129, 189); font-weight: bold;\"><span lang=\"EN-US\" style=\"font-size: 13pt; line-height: 19.9333px;\">4. Cancelaci\u00f3n por parte del arrendatario<o:p><\/o:p><\/span><\/h3><p style=\"margin-right: 0cm; margin-left: 0cm; font-size: 12pt; font-family: &quot;Times New Roman&quot;, serif;\"><span lang=\"EN-US\" style=\"font-size: 11pt; font-family: Cambria, serif;\">Las cancelaciones deber\u00e1n comunicarse siempre por escrito por correo electr\u00f3nico.<o:p><\/o:p><\/span><\/p><p style=\"margin-right: 0cm; margin-left: 36pt; font-size: 12pt; font-family: &quot;Times New Roman&quot;, serif; text-indent: -18pt;\"><span lang=\"EN-US\" style=\"font-size: 10pt; font-family: Symbol;\">\u00b7<span style=\"font-variant-numeric: normal; font-variant-east-asian: normal; font-variant-alternates: normal; font-size-adjust: none; font-language-override: normal; font-kerning: auto; font-optical-sizing: auto; font-feature-settings: normal; font-variation-settings: normal; font-variant-position: normal; font-variant-emoji: normal; font-stretch: normal; font-size: 7pt; line-height: normal; font-family: &quot;Times New Roman&quot;;\">&nbsp;&nbsp;&nbsp;&nbsp;&nbsp;&nbsp; <\/span><\/span><span lang=\"EN-US\" style=\"font-size: 11pt; font-family: Cambria, serif;\">Hasta 30 d\u00edas antes de la llegada: se cobrar\u00e1 el 25% del importe del alquiler<o:p><\/o:p><\/span><\/p><p style=\"margin-right: 0cm; margin-left: 36pt; font-size: 12pt; font-family: &quot;Times New Roman&quot;, serif; text-indent: -18pt;\"><span lang=\"EN-US\" style=\"font-size: 10pt; font-family: Symbol;\">\u00b7<span style=\"font-variant-numeric: normal; font-variant-east-asian: normal; font-variant-alternates: normal; font-size-adjust: none; font-language-override: normal; font-kerning: auto; font-optical-sizing: auto; font-feature-settings: normal; font-variation-settings: normal; font-variant-position: normal; font-variant-emoji: normal; font-stretch: normal; font-size: 7pt; line-height: normal; font-family: &quot;Times New Roman&quot;;\">&nbsp;&nbsp;&nbsp;&nbsp;&nbsp;&nbsp; <\/span><\/span><span lang=\"EN-US\" style=\"font-size: 11pt; font-family: Cambria, serif;\">Hasta 15 d\u00edas antes de la llegada: se cobrar\u00e1 el 50% del importe del alquiler<o:p><\/o:p><\/span><\/p><p style=\"margin-right: 0cm; margin-left: 36pt; font-size: 12pt; font-family: &quot;Times New Roman&quot;, serif; text-indent: -18pt;\"><span lang=\"EN-US\" style=\"font-size: 10pt; font-family: Symbol;\">\u00b7<span style=\"font-variant-numeric: normal; font-variant-east-asian: normal; font-variant-alternates: normal; font-size-adjust: none; font-language-override: normal; font-kerning: auto; font-optical-sizing: auto; font-feature-settings: normal; font-variation-settings: normal; font-variant-position: normal; font-variant-emoji: normal; font-stretch: normal; font-size: 7pt; line-height: normal; font-family: &quot;Times New Roman&quot;;\">&nbsp;&nbsp;&nbsp;&nbsp;&nbsp;&nbsp; <\/span><\/span><span lang=\"EN-US\" style=\"font-size: 11pt; font-family: Cambria, serif;\">Desde 15 d\u00edas antes de la llegada o en caso de no presentaci\u00f3n: se cobrar\u00e1 el 100% del importe del alquiler<o:p><\/o:p><\/span><\/p><h3 style=\"margin: 10pt 0cm 0cm; line-height: 16.8667px; break-after: avoid; font-size: 11pt; font-family: Calibri, sans-serif; color: rgb(79, 129, 189); font-weight: bold;\"><span lang=\"EN-US\" style=\"font-size: 13pt; line-height: 19.9333px;\">5. Cancelaci\u00f3n por parte del arrendador<o:p><\/o:p><\/span><\/h3><p style=\"margin-right: 0cm; margin-left: 0cm; font-size: 12pt; font-family: &quot;Times New Roman&quot;, serif;\"><span lang=\"EN-US\" style=\"font-size: 11pt; font-family: Cambria, serif;\">Si el arrendador se ve obligado a cancelar la estancia por causa de fuerza mayor o circunstancias imprevistas, los importes abonados ser\u00e1n reembolsados en un plazo de 48 horas.<br>El arrendatario no tendr\u00e1 derecho a ninguna indemnizaci\u00f3n adicional.<o:p><\/o:p><\/span><\/p><h3 style=\"margin: 10pt 0cm 0cm; line-height: 16.8667px; break-after: avoid; font-size: 11pt; font-family: Calibri, sans-serif; color: rgb(79, 129, 189); font-weight: bold;\"><span lang=\"EN-US\" style=\"font-size: 13pt; line-height: 19.9333px;\">6. Llegada y salida<o:p><\/o:p><\/span><\/h3><p style=\"margin-right: 0cm; margin-left: 0cm; font-size: 12pt; font-family: &quot;Times New Roman&quot;, serif;\"><span lang=\"EN-US\" style=\"font-size: 11pt; font-family: Cambria, serif;\">La entrada (check-in) es posible a partir de las 14:00 hasta las 00:00 horas del d\u00eda de llegada.<br>La salida (check-out) deber\u00e1 realizarse como m\u00e1ximo a las 10:00 horas del d\u00eda de salida, salvo acuerdo contrario.<br>Las llegadas o salidas entre las 22:00 y las 06:00 horas conllevan un suplemento de 30 \u20ac, pagadero por adelantado.<o:p><\/o:p><\/span><\/p><h3 style=\"margin: 10pt 0cm 0cm; line-height: 16.8667px; break-after: avoid; font-size: 11pt; font-family: Calibri, sans-serif; color: rgb(79, 129, 189); font-weight: bold;\"><span lang=\"EN-US\" style=\"font-size: 13pt; line-height: 19.9333px;\">7. Normas de la vivienda<o:p><\/o:p><\/span><\/h3><p style=\"margin-right: 0cm; margin-left: 0cm; font-size: 12pt; font-family: &quot;Times New Roman&quot;, serif;\"><span lang=\"EN-US\" style=\"font-size: 11pt; font-family: Cambria, serif;\">No est\u00e1 permitido fumar ni alojar mascotas.<br>No se podr\u00e1 superar el m\u00e1ximo de cuatro (4) personas.<br>Est\u00e1n prohibidas las fiestas y las molestias por ruido.<br>Los ni\u00f1os deber\u00e1n estar siempre bajo supervisi\u00f3n, especialmente en la zona de la piscina.<br>El apartamento solo podr\u00e1 utilizarse con fines vacacionales.<br>En caso de incumplimiento grave o reiterado de las normas, el arrendador se reserva el derecho de finalizar la estancia de forma inmediata sin derecho a reembolso.<o:p><\/o:p><\/span><\/p><h3 style=\"margin: 10pt 0cm 0cm; line-height: 16.8667px; break-after: avoid; font-size: 11pt; font-family: Calibri, sans-serif; color: rgb(79, 129, 189); font-weight: bold;\"><span lang=\"EN-US\" style=\"font-size: 13pt; line-height: 19.9333px;\">8. Identificaci\u00f3n de los hu\u00e9spedes (legislaci\u00f3n espa\u00f1ola)<o:p><\/o:p><\/span><\/h3><p style=\"margin-right: 0cm; margin-left: 0cm; font-size: 12pt; font-family: &quot;Times New Roman&quot;, serif;\"><span lang=\"EN-US\" style=\"font-size: 11pt; font-family: Cambria, serif;\">De conformidad con la legislaci\u00f3n espa\u00f1ola vigente, el arrendatario est\u00e1 obligado, junto con todos los hu\u00e9spedes acompa\u00f1antes, a facilitar los datos de identificaci\u00f3n legalmente requeridos.<br>Estos datos podr\u00e1n ser solicitados por Tardus Tempus con anterioridad a la llegada, en particular para cumplir con la obligaci\u00f3n legal de registro de hu\u00e9spedes.<br>El arrendatario y los hu\u00e9spedes deber\u00e1n poder presentar, en su caso, un documento oficial de identidad v\u00e1lido (pasaporte o documento nacional de identidad) a la llegada, a fin de verificar los datos facilitados.<br>Los datos personales se tratar\u00e1n exclusivamente para el cumplimiento de las obligaciones legales de registro y conforme a la normativa vigente en materia de protecci\u00f3n de datos.<o:p><\/o:p><\/span><\/p><h3 style=\"margin: 10pt 0cm 0cm; line-height: 16.8667px; break-after: avoid; font-size: 11pt; font-family: Calibri, sans-serif; color: rgb(79, 129, 189); font-weight: bold;\"><span lang=\"EN-US\" style=\"font-size: 13pt; line-height: 19.9333px;\">9. Responsabilidad y estado del inmeuble<o:p><\/o:p><\/span><\/h3><p style=\"margin-right: 0cm; margin-left: 0cm; font-size: 12pt; font-family: &quot;Times New Roman&quot;, serif;\"><span lang=\"EN-US\" style=\"font-size: 11pt; font-family: Cambria, serif;\">El arrendatario es plenamente responsable de cualquier da\u00f1o causado durante la estancia en el apartamento, mobiliario, equipamiento o zonas comunes por \u00e9l mismo, sus acompa\u00f1antes o visitantes.<o:p><\/o:p><\/span><\/p><p style=\"margin-right: 0cm; margin-left: 0cm; font-size: 12pt; font-family: &quot;Times New Roman&quot;, serif;\"><span lang=\"EN-US\" style=\"font-size: 11pt; font-family: Cambria, serif;\">El apartamento se considerar\u00e1 recibido en buen estado y conforme a la descripci\u00f3n, salvo que el arrendatario comunique por escrito cualquier defecto dentro de las 12 horas posteriores a la llegada.<o:p><\/o:p><\/span><\/p><p style=\"margin-right: 0cm; margin-left: 0cm; font-size: 12pt; font-family: &quot;Times New Roman&quot;, serif;\"><span lang=\"EN-US\" style=\"font-size: 11pt; font-family: Cambria, serif;\">Cualquier da\u00f1o o limpieza extraordinaria detectada durante o despu\u00e9s de la estancia ser\u00e1 comunicada por escrito al arrendatario, especificando los da\u00f1os y los costes de reparaci\u00f3n, sustituci\u00f3n o limpieza adicional correspondientes.<o:p><\/o:p><\/span><\/p><p style=\"margin-right: 0cm; margin-left: 0cm; font-size: 12pt; font-family: &quot;Times New Roman&quot;, serif;\"><span lang=\"EN-US\" style=\"font-size: 11pt; font-family: Cambria, serif;\">El arrendatario se compromete a abonar dichos importes en un plazo de siete (7) d\u00edas naturales desde la notificaci\u00f3n escrita.<o:p><\/o:p><\/span><\/p><p style=\"margin-right: 0cm; margin-left: 0cm; font-size: 12pt; font-family: &quot;Times New Roman&quot;, serif;\"><span lang=\"EN-US\" style=\"font-size: 11pt; font-family: Cambria, serif;\">El arrendador se reserva el derecho de aportar pruebas justificativas (fotograf\u00edas, presupuestos o facturas).<o:p><\/o:p><\/span><\/p><p style=\"margin-right: 0cm; margin-left: 0cm; font-size: 12pt; font-family: &quot;Times New Roman&quot;, serif;\"><span lang=\"EN-US\" style=\"font-size: 11pt; font-family: Cambria, serif;\">El arrendador no ser\u00e1 responsable de robos, p\u00e9rdidas, accidentes, interrupciones temporales de suministros o molestias causadas por terceros.<o:p><\/o:p><\/span><\/p><p style=\"margin-right: 0cm; margin-left: 0cm; font-size: 12pt; font-family: &quot;Times New Roman&quot;, serif;\"><span lang=\"EN-US\" style=\"font-size: 11pt; font-family: Cambria, serif;\">En caso de que el arrendatario no abone voluntariamente la indemnizaci\u00f3n reclamada dentro del plazo establecido, el arrendador se reserva el derecho de iniciar las acciones legales correspondientes, siendo todos los costes adicionales a cargo del arrendatario.<o:p><\/o:p><\/span><\/p><h3 style=\"margin: 10pt 0cm 0cm; line-height: 16.8667px; break-after: avoid; font-size: 11pt; font-family: Calibri, sans-serif; color: rgb(79, 129, 189); font-weight: bold;\"><span lang=\"EN-US\" style=\"font-size: 13pt; line-height: 19.9333px;\">10. Reclamaciones<o:p><\/o:p><\/span><\/h3><p style=\"margin-right: 0cm; margin-left: 0cm; font-size: 12pt; font-family: &quot;Times New Roman&quot;, serif;\"><span lang=\"EN-US\" style=\"font-size: 11pt; font-family: Cambria, serif;\">Cualquier reclamaci\u00f3n deber\u00e1 comunicarse inmediatamente durante la estancia a&nbsp;info@tardus-tempus.com&nbsp;para poder buscar una soluci\u00f3n adecuada.<o:p><\/o:p><\/span><\/p><h3 style=\"margin: 10pt 0cm 0cm; line-height: 16.8667px; break-after: avoid; font-size: 11pt; font-family: Calibri, sans-serif; color: rgb(79, 129, 189); font-weight: bold;\"><span lang=\"EN-US\" style=\"font-size: 13pt; line-height: 19.9333px;\">11. Sitio web e informaci\u00f3n<o:p><\/o:p><\/span><\/h3><p style=\"margin-right: 0cm; margin-left: 0cm; font-size: 12pt; font-family: &quot;Times New Roman&quot;, serif;\"><span lang=\"EN-US\" style=\"font-size: 11pt; font-family: Cambria, serif;\">Toda la informaci\u00f3n del sitio web se facilita de buena fe. Los errores manifiestos no son vinculantes.<br>El arrendador se reserva el derecho de modificar el contenido y las presentes condiciones.<br>Las fotograf\u00edas son orientativas y pueden presentar ligeras variaciones.<o:p><\/o:p><\/span><\/p><h3 style=\"margin: 10pt 0cm 0cm; line-height: 16.8667px; break-after: avoid; font-size: 11pt; font-family: Calibri, sans-serif; color: rgb(79, 129, 189); font-weight: bold;\"><span lang=\"EN-US\" style=\"font-size: 13pt; line-height: 19.9333px;\">12. Privacidad<o:p><\/o:p><\/span><\/h3><p style=\"margin-right: 0cm; margin-left: 0cm; font-size: 12pt; font-family: &quot;Times New Roman&quot;, serif;\"><span lang=\"EN-US\" style=\"font-size: 11pt; font-family: Cambria, serif;\">Los datos personales se tratar\u00e1n exclusivamente para reservas, comunicaciones y obligaciones legales, conforme a la normativa vigente en materia de protecci\u00f3n de datos.<o:p><\/o:p><\/span><\/p><h3 style=\"margin: 10pt 0cm 0cm; line-height: 16.8667px; break-after: avoid; font-size: 11pt; font-family: Calibri, sans-serif; color: rgb(79, 129, 189); font-weight: bold;\"><span lang=\"EN-US\" style=\"font-size: 13pt; line-height: 19.9333px;\">13. Derecho aplicable<o:p><\/o:p><\/span><\/h3><p style=\"margin-right: 0cm; margin-left: 0cm; font-size: 12pt; font-family: &quot;Times New Roman&quot;, serif;\"><span lang=\"EN-US\" style=\"font-size: 11pt; font-family: Cambria, serif;\">El presente contrato y todas las obligaciones derivadas del mismo se rigen exclusivamente por el derecho espa\u00f1ol.<br>Cualquier controversia derivada del contrato ser\u00e1 competencia exclusiva de los tribunales del lugar donde se encuentre el alojamiento.<br>Esta disposici\u00f3n no afecta a las normas imperativas de protecci\u00f3n de los consumidores.<o:p><\/o:p><\/span><\/p><p style=\"margin-right: 0cm; margin-left: 0cm; font-size: 12pt; font-family: &quot;Times New Roman&quot;, serif;\"><span lang=\"EN-US\" style=\"font-size: 11pt; font-family: Cambria, serif;\">&nbsp;<\/span><\/p>\t\t\t\t\t\t\t\t<\/div>\n\t\t\t\t<\/div>\n\t\t\t\t\t<\/div>\n\t\t\t\t<\/div>\n\t\t\t\t<\/div>\n\t\t","protected":false},"excerpt":{"rendered":"<p>Condiciones generales TARDUS TEMPUS \u2013 Apartamento Vacacional &nbsp; 1. General Las presentes condiciones generales se aplican a todas las reservas y estancias en el apartamento vacacional Tardus Tempus. Al realizar una reserva, el arrendatario declara aceptar estas condiciones. Al confirmar una reserva y\/o efectuar el pago, el arrendatario declara haber le\u00eddo y aceptado \u00edntegramente las [&hellip;]<\/p>\n","protected":false},"author":4,"featured_media":0,"parent":0,"menu_order":0,"comment_status":"closed","ping_status":"closed","template":"","meta":{"footnotes":""},"class_list":["post-954","page","type-page","status-publish","hentry"],"yoast_head":"<!-- This site is optimized with the Yoast SEO plugin v27.0 - https:\/\/yoast.com\/product\/yoast-seo-wordpress\/ -->\n<title>Condiciones generales - Tardus Tempus<\/title>\n<meta name=\"robots\" content=\"index, follow, max-snippet:-1, max-image-preview:large, max-video-preview:-1\" \/>\n<link rel=\"canonical\" href=\"https:\/\/tardus-tempus.com\/es\/condiciones-generales\/\" \/>\n<meta property=\"og:locale\" content=\"es_ES\" \/>\n<meta property=\"og:type\" content=\"article\" \/>\n<meta property=\"og:title\" content=\"Condiciones generales - Tardus Tempus\" \/>\n<meta property=\"og:description\" content=\"Condiciones generales TARDUS TEMPUS \u2013 Apartamento Vacacional &nbsp; 1. General Las presentes condiciones generales se aplican a todas las reservas y estancias en el apartamento vacacional Tardus Tempus. Al realizar una reserva, el arrendatario declara aceptar estas condiciones. Al confirmar una reserva y\/o efectuar el pago, el arrendatario declara haber le\u00eddo y aceptado \u00edntegramente las [&hellip;]\" \/>\n<meta property=\"og:url\" content=\"https:\/\/tardus-tempus.com\/es\/condiciones-generales\/\" \/>\n<meta property=\"og:site_name\" content=\"Tardus Tempus\" \/>\n<meta property=\"article:modified_time\" content=\"2026-03-01T19:49:56+00:00\" \/>\n<meta name=\"twitter:card\" content=\"summary_large_image\" \/>\n<meta name=\"twitter:label1\" content=\"Tiempo de lectura\" \/>\n\t<meta name=\"twitter:data1\" content=\"5 minutos\" \/>\n<script type=\"application\/ld+json\" class=\"yoast-schema-graph\">{\"@context\":\"https:\/\/schema.org\",\"@graph\":[{\"@type\":\"WebPage\",\"@id\":\"https:\/\/tardus-tempus.com\/es\/condiciones-generales\/\",\"url\":\"https:\/\/tardus-tempus.com\/es\/condiciones-generales\/\",\"name\":\"Condiciones generales - Tardus Tempus\",\"isPartOf\":{\"@id\":\"https:\/\/tardus-tempus.com\/es\/#website\"},\"datePublished\":\"2026-02-11T08:09:31+00:00\",\"dateModified\":\"2026-03-01T19:49:56+00:00\",\"breadcrumb\":{\"@id\":\"https:\/\/tardus-tempus.com\/es\/condiciones-generales\/#breadcrumb\"},\"inLanguage\":\"es\",\"potentialAction\":[{\"@type\":\"ReadAction\",\"target\":[\"https:\/\/tardus-tempus.com\/es\/condiciones-generales\/\"]}]},{\"@type\":\"BreadcrumbList\",\"@id\":\"https:\/\/tardus-tempus.com\/es\/condiciones-generales\/#breadcrumb\",\"itemListElement\":[{\"@type\":\"ListItem\",\"position\":1,\"name\":\"Home\",\"item\":\"https:\/\/tardus-tempus.com\/es\/inicio\/\"},{\"@type\":\"ListItem\",\"position\":2,\"name\":\"Condiciones generales\"}]},{\"@type\":\"WebSite\",\"@id\":\"https:\/\/tardus-tempus.com\/es\/#website\",\"url\":\"https:\/\/tardus-tempus.com\/es\/\",\"name\":\"Tardus Tempus\",\"description\":\"\",\"potentialAction\":[{\"@type\":\"SearchAction\",\"target\":{\"@type\":\"EntryPoint\",\"urlTemplate\":\"https:\/\/tardus-tempus.com\/es\/?s={search_term_string}\"},\"query-input\":{\"@type\":\"PropertyValueSpecification\",\"valueRequired\":true,\"valueName\":\"search_term_string\"}}],\"inLanguage\":\"es\"}]}<\/script>\n<!-- \/ Yoast SEO plugin. -->","yoast_head_json":{"title":"Condiciones generales - Tardus Tempus","robots":{"index":"index","follow":"follow","max-snippet":"max-snippet:-1","max-image-preview":"max-image-preview:large","max-video-preview":"max-video-preview:-1"},"canonical":"https:\/\/tardus-tempus.com\/es\/condiciones-generales\/","og_locale":"es_ES","og_type":"article","og_title":"Condiciones generales - Tardus Tempus","og_description":"Condiciones generales TARDUS TEMPUS \u2013 Apartamento Vacacional &nbsp; 1. General Las presentes condiciones generales se aplican a todas las reservas y estancias en el apartamento vacacional Tardus Tempus. Al realizar una reserva, el arrendatario declara aceptar estas condiciones. Al confirmar una reserva y\/o efectuar el pago, el arrendatario declara haber le\u00eddo y aceptado \u00edntegramente las [&hellip;]","og_url":"https:\/\/tardus-tempus.com\/es\/condiciones-generales\/","og_site_name":"Tardus Tempus","article_modified_time":"2026-03-01T19:49:56+00:00","twitter_card":"summary_large_image","twitter_misc":{"Tiempo de lectura":"5 minutos"},"schema":{"@context":"https:\/\/schema.org","@graph":[{"@type":"WebPage","@id":"https:\/\/tardus-tempus.com\/es\/condiciones-generales\/","url":"https:\/\/tardus-tempus.com\/es\/condiciones-generales\/","name":"Condiciones generales - Tardus Tempus","isPartOf":{"@id":"https:\/\/tardus-tempus.com\/es\/#website"},"datePublished":"2026-02-11T08:09:31+00:00","dateModified":"2026-03-01T19:49:56+00:00","breadcrumb":{"@id":"https:\/\/tardus-tempus.com\/es\/condiciones-generales\/#breadcrumb"},"inLanguage":"es","potentialAction":[{"@type":"ReadAction","target":["https:\/\/tardus-tempus.com\/es\/condiciones-generales\/"]}]},{"@type":"BreadcrumbList","@id":"https:\/\/tardus-tempus.com\/es\/condiciones-generales\/#breadcrumb","itemListElement":[{"@type":"ListItem","position":1,"name":"Home","item":"https:\/\/tardus-tempus.com\/es\/inicio\/"},{"@type":"ListItem","position":2,"name":"Condiciones generales"}]},{"@type":"WebSite","@id":"https:\/\/tardus-tempus.com\/es\/#website","url":"https:\/\/tardus-tempus.com\/es\/","name":"Tardus Tempus","description":"","potentialAction":[{"@type":"SearchAction","target":{"@type":"EntryPoint","urlTemplate":"https:\/\/tardus-tempus.com\/es\/?s={search_term_string}"},"query-input":{"@type":"PropertyValueSpecification","valueRequired":true,"valueName":"search_term_string"}}],"inLanguage":"es"}]}},"_links":{"self":[{"href":"https:\/\/tardus-tempus.com\/es\/wp-json\/wp\/v2\/pages\/954","targetHints":{"allow":["GET"]}}],"collection":[{"href":"https:\/\/tardus-tempus.com\/es\/wp-json\/wp\/v2\/pages"}],"about":[{"href":"https:\/\/tardus-tempus.com\/es\/wp-json\/wp\/v2\/types\/page"}],"author":[{"embeddable":true,"href":"https:\/\/tardus-tempus.com\/es\/wp-json\/wp\/v2\/users\/4"}],"replies":[{"embeddable":true,"href":"https:\/\/tardus-tempus.com\/es\/wp-json\/wp\/v2\/comments?post=954"}],"version-history":[{"count":5,"href":"https:\/\/tardus-tempus.com\/es\/wp-json\/wp\/v2\/pages\/954\/revisions"}],"predecessor-version":[{"id":1131,"href":"https:\/\/tardus-tempus.com\/es\/wp-json\/wp\/v2\/pages\/954\/revisions\/1131"}],"wp:attachment":[{"href":"https:\/\/tardus-tempus.com\/es\/wp-json\/wp\/v2\/media?parent=954"}],"curies":[{"name":"wp","href":"https:\/\/api.w.org\/{rel}","templated":true}]}}